{"id":7,"date":"2025-12-20T21:08:05","date_gmt":"2025-12-20T21:08:05","guid":{"rendered":"https:\/\/yavuzyeni.com\/?page_id=7"},"modified":"2025-12-20T22:42:55","modified_gmt":"2025-12-20T22:42:55","slug":"home","status":"publish","type":"page","link":"https:\/\/yavuzyeni.com\/","title":{"rendered":"Home"},"content":{"rendered":"\n<div class=\"wp-block-cover alignfull\" style=\"border-style:none;border-width:0px;border-top-left-radius:21px;border-top-right-radius:21px;border-bottom-left-radius:21px;border-bottom-right-radius:21px;min-height:720px;aspect-ratio:unset;\"><span aria-hidden=\"true\" class=\"wp-block-cover__background has-background-dim-80 has-background-dim has-background-gradient\" style=\"background:linear-gradient(135deg,rgb(252,185,0) 0%,rgb(255,105,0) 36%)\"><\/span><div class=\"wp-block-cover__inner-container is-layout-flow wp-block-cover-is-layout-flow\">\n<div class=\"inherit-container-width wp-block-group alignwide is-layout-constrained wp-block-group-is-layout-constrained\">\n<div class=\"wp-block-media-text alignwide has-media-on-the-right is-stacked-on-mobile is-vertically-aligned-center\" style=\"grid-template-columns:auto 18%\"><div class=\"wp-block-media-text__content\">\n<h1 class=\"wp-block-heading has-text-align-left has-white-color has-text-color\">Yavuz Yeni<\/h1>\n\n\n\n<p class=\"has-white-color has-text-color\">Senior IT Consultant | Data Center Management | Cloud &amp; Cybersecurity Specialist | Microsoft, VMware &amp; Juniper Expert | Fortinet Solutions Architect<\/p>\n\n\n\n<p><br>Yakla\u015f\u0131k 15 y\u0131ll\u0131k veri merkezi ve bulut altyap\u0131s\u0131 deneyimimle; y\u00fcksek operasyonel beklentilere sahip kurumsal ve \u00e7ok lokasyonlu yap\u0131larda, kritik IT sistemlerinin kurulum, i\u015fletim ve destek s\u00fcre\u00e7lerini u\u00e7tan uca y\u00f6netiyorum.<\/p>\n\n\n\n<p>VMware, Juniper ve Fortinet ekosistemlerinde edindi\u011fim saha ve mimari tecr\u00fcbeyle; g\u00fcvenlik, s\u00fcreklilik ve \u00f6l\u00e7eklenebilirli\u011fi birlikte ele alan, i\u015f hedefleriyle uyumlu altyap\u0131lar tasarl\u0131yor ve hayata ge\u00e7iriyorum.<\/p>\n\n\n\n<p>Kesinti tolerans\u0131 olmayan ortamlarda; operasyonel verimlilik, risk azaltma ve uzun vadeli s\u00fcrd\u00fcr\u00fclebilirlik odakl\u0131 \u00e7\u00f6z\u00fcmler \u00fcretmeyi \u00f6nceliklendiriyorum.<\/p>\n\n\n\n<div class=\"wp-block-buttons is-layout-flex wp-block-buttons-is-layout-flex\"><\/div>\n<\/div><figure class=\"wp-block-media-text__media\"><img decoding=\"async\" src=\"https:\/\/yavuzyeni.com\/wp-content\/themes\/astra\/inc\/assets\/images\/starter-content\/hero-img.svg\" alt=\"\" class=\"wp-image-118 size-full\"\/><\/figure><\/div>\n<\/div>\n<\/div><\/div>\n\n\n\n<div class=\"wp-block-group alignfull is-layout-constrained wp-block-group-is-layout-constrained\">\n<div class=\"wp-block-group alignfull has-ast-global-color-5-background-color has-background is-layout-constrained wp-container-core-group-is-layout-9cedb757 wp-block-group-is-layout-constrained\" style=\"padding-bottom:0px\">\n<div class=\"wp-block-columns are-vertically-aligned-top is-layout-flex wp-container-core-columns-is-layout-00723822 wp-block-columns-is-layout-flex\">\n<div class=\"wp-block-column is-vertically-aligned-top is-layout-flow wp-container-core-column-is-layout-6b73ce23 wp-block-column-is-layout-flow\">\n<figure class=\"wp-block-image size-large\"><img decoding=\"async\" src=\"https:\/\/yavuzyeni.com\/wp-content\/themes\/astra\/inc\/assets\/images\/starter-content\/building.svg\" alt=\"\" class=\"wp-image-134\"\/><\/figure>\n\n\n\n<h3 class=\"wp-block-heading has-text-align-left\" style=\"margin-top:16px\"><strong><strong>IT Dan\u0131\u015fmanl\u0131k &amp; Mimari Tasar\u0131m<\/strong><\/strong><\/h3>\n\n\n\n<p class=\"has-text-align-left\">Veri merkezi, bulut ve siber g\u00fcvenlik alanlar\u0131nda; kurumsal ve \u00e7ok lokasyonlu yap\u0131lar i\u00e7in ihtiya\u00e7 analizi, mimari tasar\u0131m ve stratejik IT dan\u0131\u015fmanl\u0131\u011f\u0131 hizmetleri sunuyorum.<\/p>\n<\/div>\n\n\n\n<div class=\"wp-block-column is-vertically-aligned-top is-layout-flow wp-container-core-column-is-layout-6b73ce23 wp-block-column-is-layout-flow\">\n<figure class=\"wp-block-image size-large\"><img decoding=\"async\" src=\"https:\/\/yavuzyeni.com\/wp-content\/themes\/astra\/inc\/assets\/images\/starter-content\/shopping-bag.svg\" alt=\"\" class=\"wp-image-135\"\/><\/figure>\n\n\n\n<h3 class=\"wp-block-heading has-text-align-left\" style=\"margin-top:16px\"><strong>Data Center &amp; Cloud Solutions<\/strong><\/h3>\n\n\n\n<p class=\"has-text-align-left\">Y\u00fcksek eri\u015filebilirlik, \u00f6l\u00e7eklenebilirlik ve g\u00fcvenlik odakl\u0131 veri merkezi ve bulut altyap\u0131lar\u0131n\u0131n tasar\u0131m, kurulum ve operasyonel y\u00f6netimini ger\u00e7ekle\u015ftiriyorum.<\/p>\n<\/div>\n\n\n\n<div class=\"wp-block-column is-vertically-aligned-top is-layout-flow wp-container-core-column-is-layout-6b73ce23 wp-block-column-is-layout-flow\">\n<figure class=\"wp-block-image size-large\"><img decoding=\"async\" src=\"https:\/\/yavuzyeni.com\/wp-content\/themes\/astra\/inc\/assets\/images\/starter-content\/blog.svg\" alt=\"\" class=\"wp-image-136\"\/><\/figure>\n\n\n\n<h3 class=\"wp-block-heading has-text-align-left\" style=\"margin-top:16px\"><strong>Teknik Bilgi &amp; Deneyim Payla\u015f\u0131m\u0131<\/strong><\/h3>\n\n\n\n<p class=\"has-text-align-left\">A\u011f mimarileri, siber g\u00fcvenlik, veri merkezi operasyonlar\u0131 ve ger\u00e7ek saha deneyimlerine dayal\u0131 teknik i\u00e7erikler ve de\u011ferlendirmeler payla\u015f\u0131yorum.<\/p>\n<\/div>\n\n\n\n<div class=\"wp-block-column is-vertically-aligned-top is-layout-flow wp-container-core-column-is-layout-6b73ce23 wp-block-column-is-layout-flow\">\n<figure class=\"wp-block-image size-large\"><img decoding=\"async\" src=\"https:\/\/yavuzyeni.com\/wp-content\/themes\/astra\/inc\/assets\/images\/starter-content\/portfolio.svg\" alt=\"\" class=\"wp-image-137\"\/><\/figure>\n\n\n\n<h3 class=\"wp-block-heading has-text-align-left\" style=\"margin-top:16px\">Teknik Proje Deneyimi<\/h3>\n\n\n\n<p class=\"has-text-align-left\">Kurumsal ve \u00e7ok lokasyonlu yap\u0131larda, y\u00fcksek operasyonel gereksinimler do\u011frultusunda hayata ge\u00e7irilmi\u015f altyap\u0131 \u00e7al\u0131\u015fmalar\u0131.<\/p>\n<\/div>\n<\/div>\n<\/div>\n<\/div>\n\n\n\n<div class=\"wp-block-group alignfull is-layout-constrained wp-container-core-group-is-layout-3fee123f wp-block-group-is-layout-constrained\" id=\"whyus\" style=\"padding-top:144px;padding-bottom:144px\">\n<blockquote class=\"wp-block-quote is-layout-flow wp-block-quote-is-layout-flow\">\n<p><strong>Neden Benimle \u00c7al\u0131\u015fmal\u0131s\u0131n\u0131z?<\/strong><br><\/p>\n<\/blockquote>\n\n\n\n<div class=\"wp-block-columns is-layout-flex wp-container-core-columns-is-layout-29aadeec wp-block-columns-is-layout-flex\" style=\"margin-top:60px\">\n<div class=\"wp-block-column is-layout-flow wp-container-core-column-is-layout-6b73ce23 wp-block-column-is-layout-flow\">\n<figure class=\"wp-block-image size-large\"><img decoding=\"async\" src=\"https:\/\/yavuzyeni.com\/wp-content\/themes\/astra\/inc\/assets\/images\/starter-content\/passionate.svg\" alt=\"\" class=\"wp-image-162\"\/><\/figure>\n\n\n\n<h3 class=\"wp-block-heading\" style=\"margin-top:16px\"><strong>Sorumluluk Sahibi Yakla\u015f\u0131m<\/strong><\/h3>\n\n\n\n<p>IT altyap\u0131lar\u0131n\u0131 yaln\u0131zca kurmakla kalm\u0131yor, uzun vadede sorunsuz ve s\u00fcrd\u00fcr\u00fclebilir \u015fekilde \u00e7al\u0131\u015fmas\u0131ndan da sorumlu yakla\u015f\u0131yorum. Kritik sistemlerde detaylara \u00f6nem veririm, riskleri \u00f6nceden y\u00f6netirim.<\/p>\n<\/div>\n\n\n\n<div class=\"wp-block-column is-layout-flow wp-container-core-column-is-layout-6b73ce23 wp-block-column-is-layout-flow\">\n<figure class=\"wp-block-image size-large\"><img decoding=\"async\" src=\"https:\/\/yavuzyeni.com\/wp-content\/themes\/astra\/inc\/assets\/images\/starter-content\/professional.svg\" alt=\"\" class=\"wp-image-163\"\/><\/figure>\n\n\n\n<h3 class=\"wp-block-heading\" style=\"margin-top:16px\"><strong>Derin Teknik Deneyi<\/strong>m<\/h3>\n\n\n\n<p>Saha ve mimari tecr\u00fcbemle; veri merkezi, bulut ve siber g\u00fcvenlik altyap\u0131lar\u0131n\u0131 u\u00e7tan uca ele al\u0131r\u0131m. VMware, Juniper ve Fortinet ekosistemlerinde kurumsal standartlara uygun \u00e7\u00f6z\u00fcmler \u00fcretirim.<\/p>\n<\/div>\n\n\n\n<div class=\"wp-block-column is-layout-flow wp-container-core-column-is-layout-6b73ce23 wp-block-column-is-layout-flow\">\n<figure class=\"wp-block-image size-large\"><img decoding=\"async\" src=\"https:\/\/yavuzyeni.com\/wp-content\/themes\/astra\/inc\/assets\/images\/starter-content\/support.svg\" alt=\"\" class=\"wp-image-164\"\/><\/figure>\n\n\n\n<h3 class=\"wp-block-heading\" style=\"margin-top:16px\"><strong>Kesintisiz ve G\u00fcvenilir Destek<\/strong><\/h3>\n\n\n\n<p>Kesinti tolerans\u0131 olmayan yap\u0131larda, 7\/24 \u00e7al\u0131\u015fmas\u0131 gereken sistemler i\u00e7in operasyonel destek sa\u011flar\u0131m. Sorunlara reaktif de\u011fil, proaktif yakla\u015farak i\u015f s\u00fcreklili\u011fini korurum.<\/p>\n<\/div>\n<\/div>\n<\/div>\n\n\n\n<blockquote class=\"wp-block-quote alignfull has-text-align-center is-layout-flow wp-block-quote-is-layout-flow\">\n<p>\u0130leti\u015fim<\/p>\n<cite>yavuz@yavuzyeni.com<\/cite><\/blockquote>\n\n\n\n<p><\/p>\n","protected":false},"excerpt":{"rendered":"<p>IT Dan\u0131\u015fmanl\u0131k &amp; Mimari Tasar\u0131m Veri merkezi, bulut ve siber g\u00fcvenlik alanlar\u0131nda; kurumsal ve \u00e7ok lokasyonlu yap\u0131lar i\u00e7in ihtiya\u00e7 analizi, [&hellip;]<\/p>\n","protected":false},"author":1,"featured_media":0,"parent":0,"menu_order":0,"comment_status":"closed","ping_status":"closed","template":"","meta":{"site-sidebar-layout":"no-sidebar","site-content-layout":"plain-container","ast-site-content-layout":"default","site-content-style":"default","site-sidebar-style":"default","ast-global-header-display":"","ast-banner-title-visibility":"","ast-main-header-display":"","ast-hfb-above-header-display":"","ast-hfb-below-header-display":"","ast-hfb-mobile-header-display":"","site-post-title":"disabled","ast-breadcrumbs-content":"","ast-featured-img":"","footer-sml-layout":"","ast-disable-related-posts":"","theme-transparent-header-meta":"enabled","adv-header-id-meta":"","stick-header-meta":"","header-above-stick-meta":"","header-main-stick-meta":"","header-below-stick-meta":"","astra-migrate-meta-layouts":"default","ast-page-background-enabled":"default","ast-page-background-meta":{"desktop":{"background-color":"var(--ast-global-color-5)","background-image":"","background-repeat":"repeat","background-position":"center center","background-size":"auto","background-attachment":"scroll","background-type":"","background-media":"","overlay-type":"","overlay-color":"","overlay-opacity":"","overlay-gradient":""},"tablet":{"background-color":"","background-image":"","background-repeat":"repeat","background-position":"center center","background-size":"auto","background-attachment":"scroll","background-type":"","background-media":"","overlay-type":"","overlay-color":"","overlay-opacity":"","overlay-gradient":""},"mobile":{"background-color":"","background-image":"","background-repeat":"repeat","background-position":"center center","background-size":"auto","background-attachment":"scroll","background-type":"","background-media":"","overlay-type":"","overlay-color":"","overlay-opacity":"","overlay-gradient":""}},"ast-content-background-meta":{"desktop":{"background-color":"var(--ast-global-color-4)","background-image":"","background-repeat":"repeat","background-position":"center center","background-size":"auto","background-attachment":"scroll","background-type":"","background-media":"","overlay-type":"","overlay-color":"","overlay-opacity":"","overlay-gradient":""},"tablet":{"background-color":"var(--ast-global-color-4)","background-image":"","background-repeat":"repeat","background-position":"center center","background-size":"auto","background-attachment":"scroll","background-type":"","background-media":"","overlay-type":"","overlay-color":"","overlay-opacity":"","overlay-gradient":""},"mobile":{"background-color":"var(--ast-global-color-4)","background-image":"","background-repeat":"repeat","background-position":"center center","background-size":"auto","background-attachment":"scroll","background-type":"","background-media":"","overlay-type":"","overlay-color":"","overlay-opacity":"","overlay-gradient":""}},"footnotes":""},"class_list":["post-7","page","type-page","status-publish","hentry"],"_links":{"self":[{"href":"https:\/\/yavuzyeni.com\/index.php\/wp-json\/wp\/v2\/pages\/7","targetHints":{"allow":["GET"]}}],"collection":[{"href":"https:\/\/yavuzyeni.com\/index.php\/wp-json\/wp\/v2\/pages"}],"about":[{"href":"https:\/\/yavuzyeni.com\/index.php\/wp-json\/wp\/v2\/types\/page"}],"author":[{"embeddable":true,"href":"https:\/\/yavuzyeni.com\/index.php\/wp-json\/wp\/v2\/users\/1"}],"replies":[{"embeddable":true,"href":"https:\/\/yavuzyeni.com\/index.php\/wp-json\/wp\/v2\/comments?post=7"}],"version-history":[{"count":32,"href":"https:\/\/yavuzyeni.com\/index.php\/wp-json\/wp\/v2\/pages\/7\/revisions"}],"predecessor-version":[{"id":79,"href":"https:\/\/yavuzyeni.com\/index.php\/wp-json\/wp\/v2\/pages\/7\/revisions\/79"}],"wp:attachment":[{"href":"https:\/\/yavuzyeni.com\/index.php\/wp-json\/wp\/v2\/media?parent=7"}],"curies":[{"name":"wp","href":"https:\/\/api.w.org\/{rel}","templated":true}]}}